{"id":692,"date":"2018-12-22T12:48:12","date_gmt":"2018-12-22T12:48:12","guid":{"rendered":"https:\/\/lfss-sahin.com\/?page_id=692"},"modified":"2025-07-21T12:15:34","modified_gmt":"2025-07-21T12:15:34","slug":"about-us","status":"publish","type":"page","link":"https:\/\/lfss-sahin.com\/?page_id=692&lang=en","title":{"rendered":"ABOUT US"},"content":{"rendered":"\n<style type=\"text\/css\" data-created_by=\"avia_inline_auto\" id=\"style-css-av-jprkye3o-4f788894150ac2b5bc9fd4613701e4c7\">\n.avia-section.av-jprkye3o-4f788894150ac2b5bc9fd4613701e4c7{\nbackground-repeat:no-repeat;\nbackground-image:url(https:\/\/lfss-sahin.com\/wp-content\/uploads\/lfss-60-ulkeye-ihracat-export-countries.png);\nbackground-position:50% 100%;\nbackground-attachment:scroll;\n}\n<\/style>\n<div id='av_section_1'  class='avia-section av-jprkye3o-4f788894150ac2b5bc9fd4613701e4c7 main_color avia-section-small avia-no-border-styling  avia-builder-el-0  el_before_av_section  avia-builder-el-first  avia-bg-style-scroll container_wrap sidebar_left'  data-section-bg-repeat='no-repeat'><div class='container av-section-cont-open' ><main  role=\"main\" itemprop=\"mainContentOfPage\"  class='template-page content  av-content-small units'><div class='post-entry post-entry-type-page post-entry-692'><div class='entry-content-wrapper clearfix'>\n\n<style type=\"text\/css\" data-created_by=\"avia_inline_auto\" id=\"style-css-av-o8ep-92606040b9335fad33bd9f9840170a0a\">\n.flex_column.av-o8ep-92606040b9335fad33bd9f9840170a0a{\nborder-radius:0px 0px 0px 0px;\npadding:0px 0px 0px 0px;\n}\n<\/style>\n<div  class='flex_column av-o8ep-92606040b9335fad33bd9f9840170a0a av_one_full  avia-builder-el-1  avia-builder-el-no-sibling  first flex_column_div av-animated-generic bottom-to-top av-zero-column-padding  '     ><style type=\"text\/css\" data-created_by=\"avia_inline_auto\" id=\"style-css-av-jprkza9j-fb8598cb7c1040bbe98c2b3ce8ca2456\">\n#top .av_textblock_section.av-jprkza9j-fb8598cb7c1040bbe98c2b3ce8ca2456 .avia_textblock{\nfont-size:19px;\n}\n<\/style>\n<section  class='av_textblock_section av-jprkza9j-fb8598cb7c1040bbe98c2b3ce8ca2456 '   itemscope=\"itemscope\" itemtype=\"https:\/\/schema.org\/CreativeWork\" ><div class='avia_textblock'  itemprop=\"text\" ><p style=\"text-align: center;\"><strong>LFSS\u00a0 MACHINERY<br \/>\n<\/strong><br \/>\n<strong>LFSS MACHINERY<\/strong> has been established in Bursa, which is one of the biggest industrial city in <strong>Turkey<\/strong>, is producing the requirement machines of many sectors such as<strong> Hydraulic presses,<\/strong> <strong>Guillotine shears<\/strong>, <strong>Profile and pipe bending machines<\/strong> <strong>related sheet metal working machinery<\/strong> along with its disciplined work and experience which comes through today.<\/p>\n<\/div><\/section><br \/>\n\n<style type=\"text\/css\" data-created_by=\"avia_inline_auto\" id=\"style-css-av-jprl08ga-e58506b20521496d541744334fdb0b66\">\n#top .hr.hr-invisible.av-jprl08ga-e58506b20521496d541744334fdb0b66{\nheight:230px;\n}\n<\/style>\n<div  class='hr av-jprl08ga-e58506b20521496d541744334fdb0b66 hr-invisible  avia-builder-el-3  el_after_av_textblock  avia-builder-el-last '><span class='hr-inner '><span class=\"hr-inner-style\"><\/span><\/span><\/div><\/p><\/div><\/div><\/div><\/main><!-- close content main element --><\/div><\/div><div id='av_section_2'  class='avia-section av-jpsl0mk1-d58aef57eadf39d85968df23a39bb20e main_color avia-section-no-padding avia-no-border-styling  avia-builder-el-4  el_after_av_section  el_before_av_section  avia-bg-style-scroll container_wrap sidebar_left'  ><div class='container av-section-cont-open' ><div class='template-page content  av-content-small units'><div class='post-entry post-entry-type-page post-entry-692'><div class='entry-content-wrapper clearfix'>\n\n<style type=\"text\/css\" data-created_by=\"avia_inline_auto\" id=\"style-css-av-jpsknj8k-5ca90bc110042e54aaa450b385eb36a7\">\n.avia-image-container.av-jpsknj8k-5ca90bc110042e54aaa450b385eb36a7 img.avia_image{\nbox-shadow:none;\n}\n.avia-image-container.av-jpsknj8k-5ca90bc110042e54aaa450b385eb36a7 .av-image-caption-overlay-center{\ncolor:#ffffff;\n}\n<\/style>\n<div  class='avia-image-container av-jpsknj8k-5ca90bc110042e54aaa450b385eb36a7 av-styling- avia_animated_image av-animated-when-visible-95 left-to-right avia-align-center  avia-builder-el-5  avia-builder-el-no-sibling '   itemprop=\"image\" itemscope=\"itemscope\" itemtype=\"https:\/\/schema.org\/ImageObject\" ><div class=\"avia-image-container-inner\"><div class=\"avia-image-overlay-wrap\"><img decoding=\"async\" fetchpriority=\"high\" class='wp-image-328 avia-img-lazy-loading-not-328 avia_image ' src=\"https:\/\/lfss-sahin.com\/wp-content\/uploads\/lfss-sahin-makina-hakkimizda-about-us2.jpg\" alt='LFSS \u015eahin Maline Hakk\u0131nda, About LFSS Machinery' title='LFSS \u015eahin Maline Hakk\u0131nda, About LFSS Machinery'  height=\"366\" width=\"1167\"  itemprop=\"thumbnailUrl\" srcset=\"https:\/\/lfss-sahin.com\/wp-content\/uploads\/lfss-sahin-makina-hakkimizda-about-us2.jpg 1167w, https:\/\/lfss-sahin.com\/wp-content\/uploads\/lfss-sahin-makina-hakkimizda-about-us2-80x25.jpg 80w, https:\/\/lfss-sahin.com\/wp-content\/uploads\/lfss-sahin-makina-hakkimizda-about-us2-768x241.jpg 768w, https:\/\/lfss-sahin.com\/wp-content\/uploads\/lfss-sahin-makina-hakkimizda-about-us2-1030x323.jpg 1030w, https:\/\/lfss-sahin.com\/wp-content\/uploads\/lfss-sahin-makina-hakkimizda-about-us2-705x221.jpg 705w, https:\/\/lfss-sahin.com\/wp-content\/uploads\/lfss-sahin-makina-hakkimizda-about-us2-600x188.jpg 600w\" sizes=\"(max-width: 1167px) 100vw, 1167px\" \/><\/div><\/div><\/div>\n<\/p>\n<\/div><\/div><\/div><!-- close content main div --><\/div><\/div>\n<style type=\"text\/css\" data-created_by=\"avia_inline_auto\" id=\"style-css-av-9e1wy-83309b779c7821ee987ab95f1a884899\">\n.avia-section.av-9e1wy-83309b779c7821ee987ab95f1a884899{\nbackground-color:#dbe0e3;\nbackground-image:unset;\n}\n<\/style>\n<div id='av_section_3'  class='avia-section av-9e1wy-83309b779c7821ee987ab95f1a884899 main_color avia-section-no-padding avia-no-border-styling  avia-builder-el-6  el_after_av_section  avia-builder-el-last  avia-bg-style-scroll container_wrap sidebar_left'  ><div class='container av-section-cont-open' ><div class='template-page content  av-content-small units'><div class='post-entry post-entry-type-page post-entry-692'><div class='entry-content-wrapper clearfix'>\n\n<style type=\"text\/css\" data-created_by=\"avia_inline_auto\" id=\"style-css-av-o8ep-976cbb036bfbb0b2596e5f104c20fff4\">\n.flex_column.av-o8ep-976cbb036bfbb0b2596e5f104c20fff4{\nborder-radius:0px 0px 0px 0px;\npadding:0px 0px 0px 0px;\n}\n<\/style>\n<div  class='flex_column av-o8ep-976cbb036bfbb0b2596e5f104c20fff4 av_one_half  avia-builder-el-7  el_before_av_one_half  avia-builder-el-first  first flex_column_div av-animated-generic left-to-right av-zero-column-padding  '     ><p>\n<style type=\"text\/css\" data-created_by=\"avia_inline_auto\" id=\"style-css-av-jprl08ga-80474d907d3a25b557edf4ccf435c9d3\">\n#top .hr.hr-invisible.av-jprl08ga-80474d907d3a25b557edf4ccf435c9d3{\nheight:30px;\n}\n<\/style>\n<div  class='hr av-jprl08ga-80474d907d3a25b557edf4ccf435c9d3 hr-invisible  avia-builder-el-8  el_before_av_textblock  avia-builder-el-first '><span class='hr-inner '><span class=\"hr-inner-style\"><\/span><\/span><\/div><br \/>\n\n<style type=\"text\/css\" data-created_by=\"avia_inline_auto\" id=\"style-css-av-jprkza9j-5e8366b817f34c4a22b25acd69d6f244\">\n#top .av_textblock_section.av-jprkza9j-5e8366b817f34c4a22b25acd69d6f244 .avia_textblock{\nfont-size:19px;\n}\n<\/style>\n<section  class='av_textblock_section av-jprkza9j-5e8366b817f34c4a22b25acd69d6f244 '   itemscope=\"itemscope\" itemtype=\"https:\/\/schema.org\/CreativeWork\" ><div class='avia_textblock'  itemprop=\"text\" ><p>Our company exports the <strong>%80<\/strong> of its production to <strong>America, Africa, Far East, Middle East<\/strong> and mainly to <strong>Europe<\/strong> and developing itself by increasing the export level by each passing day.<\/p>\n<\/div><\/section><br \/>\n\n<style type=\"text\/css\" data-created_by=\"avia_inline_auto\" id=\"style-css-av-jprl08ga-80474d907d3a25b557edf4ccf435c9d3\">\n#top .hr.hr-invisible.av-jprl08ga-80474d907d3a25b557edf4ccf435c9d3{\nheight:30px;\n}\n<\/style>\n<div  class='hr av-jprl08ga-80474d907d3a25b557edf4ccf435c9d3 hr-invisible  avia-builder-el-10  el_after_av_textblock  el_before_av_textblock '><span class='hr-inner '><span class=\"hr-inner-style\"><\/span><\/span><\/div><br \/>\n\n<style type=\"text\/css\" data-created_by=\"avia_inline_auto\" id=\"style-css-av-jprkza9j-7cb1ecec383926a3dc57994b263f1865\">\n#top .av_textblock_section.av-jprkza9j-7cb1ecec383926a3dc57994b263f1865 .avia_textblock{\nfont-size:23px;\n}\n<\/style>\n<section  class='av_textblock_section av-jprkza9j-7cb1ecec383926a3dc57994b263f1865 '   itemscope=\"itemscope\" itemtype=\"https:\/\/schema.org\/CreativeWork\" ><div class='avia_textblock'  itemprop=\"text\" ><p style=\"text-align: left; background-color: #fff; padding: 30px;\">Our target is to increase the investments in the developing sector in order to provide constant growth in our brand.<\/p>\n<\/div><\/section><\/p><\/div>\n<style type=\"text\/css\" data-created_by=\"avia_inline_auto\" id=\"style-css-av-7o3z6-2af956e06707b3978a6832341453c2e2\">\n.flex_column.av-7o3z6-2af956e06707b3978a6832341453c2e2{\nborder-radius:0px 0px 0px 0px;\npadding:0px 0px 0px 0px;\n}\n<\/style>\n<div  class='flex_column av-7o3z6-2af956e06707b3978a6832341453c2e2 av_one_half  avia-builder-el-12  el_after_av_one_half  avia-builder-el-last  flex_column_div av-animated-generic right-to-left av-zero-column-padding  '     ><style type=\"text\/css\" data-created_by=\"avia_inline_auto\" id=\"style-css-av-jpsknj8k-a529dd6444268a1cf4c4823e1d692710\">\n.avia-image-container.av-jpsknj8k-a529dd6444268a1cf4c4823e1d692710 img.avia_image{\nbox-shadow:none;\n}\n.avia-image-container.av-jpsknj8k-a529dd6444268a1cf4c4823e1d692710 .av-image-caption-overlay-center{\ncolor:#ffffff;\n}\n<\/style>\n<div  class='avia-image-container av-jpsknj8k-a529dd6444268a1cf4c4823e1d692710 av-styling- avia-align-center  avia-builder-el-13  avia-builder-el-no-sibling '   itemprop=\"image\" itemscope=\"itemscope\" itemtype=\"https:\/\/schema.org\/ImageObject\" ><div class=\"avia-image-container-inner\"><div class=\"avia-image-overlay-wrap\"><img decoding=\"async\" fetchpriority=\"high\" class='wp-image-317 avia-img-lazy-loading-not-317 avia_image ' src=\"https:\/\/lfss-sahin.com\/wp-content\/uploads\/lfss-sahin-makina-hakkimizda-about-us.jpg\" alt='LFSS \u015eahin Maline Hakk\u0131nda, About LFSS Machinery' title='LFSS \u015eahin Maline Hakk\u0131nda, About LFSS Machinery'  height=\"477\" width=\"500\"  itemprop=\"thumbnailUrl\" srcset=\"https:\/\/lfss-sahin.com\/wp-content\/uploads\/lfss-sahin-makina-hakkimizda-about-us.jpg 500w, https:\/\/lfss-sahin.com\/wp-content\/uploads\/lfss-sahin-makina-hakkimizda-about-us-80x76.jpg 80w\" sizes=\"(max-width: 500px) 100vw, 500px\" \/><\/div><\/div><\/div><\/div>\n<\/div><\/div><\/div><!-- close content main div --><\/div><\/div><div id='after_section_3'  class='main_color av_default_container_wrap container_wrap sidebar_left'  ><div class='container av-section-cont-open' ><div class='template-page content  av-content-small units'><div class='post-entry post-entry-type-page post-entry-692'><div class='entry-content-wrapper clearfix'>\n","protected":false},"excerpt":{"rendered":"","protected":false},"author":1,"featured_media":0,"parent":0,"menu_order":0,"comment_status":"closed","ping_status":"closed","template":"","meta":{"footnotes":""},"aioseo_notices":[],"_links":{"self":[{"href":"https:\/\/lfss-sahin.com\/index.php?rest_route=\/wp\/v2\/pages\/692"}],"collection":[{"href":"https:\/\/lfss-sahin.com\/index.php?rest_route=\/wp\/v2\/pages"}],"about":[{"href":"https:\/\/lfss-sahin.com\/index.php?rest_route=\/wp\/v2\/types\/page"}],"author":[{"embeddable":true,"href":"https:\/\/lfss-sahin.com\/index.php?rest_route=\/wp\/v2\/users\/1"}],"replies":[{"embeddable":true,"href":"https:\/\/lfss-sahin.com\/index.php?rest_route=%2Fwp%2Fv2%2Fcomments&post=692"}],"version-history":[{"count":2,"href":"https:\/\/lfss-sahin.com\/index.php?rest_route=\/wp\/v2\/pages\/692\/revisions"}],"predecessor-version":[{"id":1074,"href":"https:\/\/lfss-sahin.com\/index.php?rest_route=\/wp\/v2\/pages\/692\/revisions\/1074"}],"wp:attachment":[{"href":"https:\/\/lfss-sahin.com\/index.php?rest_route=%2Fwp%2Fv2%2Fmedia&parent=692"}],"curies":[{"name":"wp","href":"https:\/\/api.w.org\/{rel}","templated":true}]}}